{"id":1597,"date":"2025-05-26T21:03:52","date_gmt":"2025-05-27T01:03:52","guid":{"rendered":"https:\/\/canaway.school\/category-course\/introduction-to-anthropology-psychology-and-sociology-grade-11-university-preparation\/"},"modified":"2025-09-10T18:28:36","modified_gmt":"2025-09-10T22:28:36","slug":"introduccion-a-la-antropologia-la-psicologia-y-la-sociologia-11-o-curso-preparacion-para-la-universidad","status":"publish","type":"product","link":"https:\/\/canaway.school\/es\/categoria-curso\/introduccion-a-la-antropologia-la-psicologia-y-la-sociologia-11-o-curso-preparacion-para-la-universidad\/","title":{"rendered":"Introducci\u00f3n a la Antropolog\u00eda, Psicolog\u00eda y Sociolog\u00eda, Grado 11, Preparaci\u00f3n para la Universidad"},"content":{"rendered":"","protected":false},"excerpt":{"rendered":"","protected":false},"featured_media":2179,"comment_status":"open","ping_status":"closed","template":"","meta":[],"product_brand":[],"product_cat":[177,89],"product_tag":[],"giftcard-category":[],"type-cps":[141],"grade-cps":[13],"class_list":{"0":"post-1597","1":"product","2":"type-product","3":"status-publish","4":"has-post-thumbnail","6":"product_cat-grade-11","7":"product_cat-highschool","8":"type-cps-university-preparation","9":"grade-cps-grade-11","11":"first","12":"instock","13":"virtual","14":"sold-individually","15":"taxable","16":"purchasable","17":"product-type-simple"},"_links":{"self":[{"href":"https:\/\/canaway.school\/es\/wp-json\/wp\/v2\/product\/1597","targetHints":{"allow":["GET"]}}],"collection":[{"href":"https:\/\/canaway.school\/es\/wp-json\/wp\/v2\/product"}],"about":[{"href":"https:\/\/canaway.school\/es\/wp-json\/wp\/v2\/types\/product"}],"replies":[{"embeddable":true,"href":"https:\/\/canaway.school\/es\/wp-json\/wp\/v2\/comments?post=1597"}],"wp:featuredmedia":[{"embeddable":true,"href":"https:\/\/canaway.school\/es\/wp-json\/wp\/v2\/media\/2179"}],"wp:attachment":[{"href":"https:\/\/canaway.school\/es\/wp-json\/wp\/v2\/media?parent=1597"}],"wp:term":[{"taxonomy":"product_brand","embeddable":true,"href":"https:\/\/canaway.school\/es\/wp-json\/wp\/v2\/product_brand?post=1597"},{"taxonomy":"product_cat","embeddable":true,"href":"https:\/\/canaway.school\/es\/wp-json\/wp\/v2\/product_cat?post=1597"},{"taxonomy":"product_tag","embeddable":true,"href":"https:\/\/canaway.school\/es\/wp-json\/wp\/v2\/product_tag?post=1597"},{"taxonomy":"giftcard-category","embeddable":true,"href":"https:\/\/canaway.school\/es\/wp-json\/wp\/v2\/giftcard-category?post=1597"},{"taxonomy":"type-cps","embeddable":true,"href":"https:\/\/canaway.school\/es\/wp-json\/wp\/v2\/type-cps?post=1597"},{"taxonomy":"grade-cps","embeddable":true,"href":"https:\/\/canaway.school\/es\/wp-json\/wp\/v2\/grade-cps?post=1597"}],"curies":[{"name":"wp","href":"https:\/\/api.w.org\/{rel}","templated":true}]}}