{"id":1559,"date":"2025-05-26T21:03:52","date_gmt":"2025-05-27T01:03:52","guid":{"rendered":"https:\/\/canaway.school\/category-course\/mathematics-of-data-management-grade-12-university-preparation\/"},"modified":"2025-09-10T18:28:47","modified_gmt":"2025-09-10T22:28:47","slug":"matematicas-de-la-gestion-de-datos-grado-12-preparacion-universitaria","status":"publish","type":"product","link":"https:\/\/canaway.school\/es\/categoria-curso\/matematicas-de-la-gestion-de-datos-grado-12-preparacion-universitaria\/","title":{"rendered":"Matem\u00e1ticas de la Gesti\u00f3n de Datos, Grado 12, Preparaci\u00f3n para la Universidad"},"content":{"rendered":"","protected":false},"excerpt":{"rendered":"","protected":false},"featured_media":2180,"comment_status":"open","ping_status":"closed","template":"","meta":[],"product_brand":[],"product_cat":[178,89],"product_tag":[],"giftcard-category":[],"type-cps":[141],"grade-cps":[12],"class_list":{"0":"post-1559","1":"product","2":"type-product","3":"status-publish","4":"has-post-thumbnail","6":"product_cat-grade-12","7":"product_cat-highschool","8":"type-cps-university-preparation","9":"grade-cps-grade-12","11":"first","12":"instock","13":"downloadable","14":"virtual","15":"sold-individually","16":"taxable","17":"purchasable","18":"product-type-simple"},"_links":{"self":[{"href":"https:\/\/canaway.school\/es\/wp-json\/wp\/v2\/product\/1559","targetHints":{"allow":["GET"]}}],"collection":[{"href":"https:\/\/canaway.school\/es\/wp-json\/wp\/v2\/product"}],"about":[{"href":"https:\/\/canaway.school\/es\/wp-json\/wp\/v2\/types\/product"}],"replies":[{"embeddable":true,"href":"https:\/\/canaway.school\/es\/wp-json\/wp\/v2\/comments?post=1559"}],"wp:featuredmedia":[{"embeddable":true,"href":"https:\/\/canaway.school\/es\/wp-json\/wp\/v2\/media\/2180"}],"wp:attachment":[{"href":"https:\/\/canaway.school\/es\/wp-json\/wp\/v2\/media?parent=1559"}],"wp:term":[{"taxonomy":"product_brand","embeddable":true,"href":"https:\/\/canaway.school\/es\/wp-json\/wp\/v2\/product_brand?post=1559"},{"taxonomy":"product_cat","embeddable":true,"href":"https:\/\/canaway.school\/es\/wp-json\/wp\/v2\/product_cat?post=1559"},{"taxonomy":"product_tag","embeddable":true,"href":"https:\/\/canaway.school\/es\/wp-json\/wp\/v2\/product_tag?post=1559"},{"taxonomy":"giftcard-category","embeddable":true,"href":"https:\/\/canaway.school\/es\/wp-json\/wp\/v2\/giftcard-category?post=1559"},{"taxonomy":"type-cps","embeddable":true,"href":"https:\/\/canaway.school\/es\/wp-json\/wp\/v2\/type-cps?post=1559"},{"taxonomy":"grade-cps","embeddable":true,"href":"https:\/\/canaway.school\/es\/wp-json\/wp\/v2\/grade-cps?post=1559"}],"curies":[{"name":"wp","href":"https:\/\/api.w.org\/{rel}","templated":true}]}}