{"id":727,"date":"2024-05-20T04:01:59","date_gmt":"2024-05-20T08:01:59","guid":{"rendered":"https:\/\/canaway.school\/?page_id=727"},"modified":"2024-05-20T04:03:57","modified_gmt":"2024-05-20T08:03:57","slug":"politica-de-privacidad","status":"publish","type":"page","link":"https:\/\/canaway.school\/es\/politica-de-privacidad\/","title":{"rendered":"Pol\u00edtica de privacidad"},"content":{"rendered":"<div data-elementor-type=\"wp-page\" data-elementor-id=\"727\" class=\"elementor elementor-727\" data-elementor-post-type=\"page\">\n\t\t\t\t\t\t<section class=\"elementor-section elementor-top-section elementor-element elementor-element-ec8f5a9 elementor-section-height-min-height elementor-section-boxed elementor-section-height-default elementor-section-items-middle\" data-id=\"ec8f5a9\" data-element_type=\"section\" data-settings=\"{&quot;jet_parallax_layout_list&quot;:[],&quot;background_background&quot;:&quot;classic&quot;}\">\n\t\t\t\t\t\t<div class=\"elementor-container elementor-column-gap-default\">\n\t\t\t\t\t<div class=\"elementor-column elementor-col-100 elementor-top-column elementor-element elementor-element-7c2a66f\" data-id=\"7c2a66f\" data-element_type=\"column\">\n\t\t\t<div class=\"elementor-widget-wrap elementor-element-populated\">\n\t\t\t\t\t\t\t<\/div>\n\t\t<\/div>\n\t\t\t\t\t<\/div>\n\t\t<\/section>\n\t\t\t\t<section class=\"elementor-section elementor-top-section elementor-element elementor-element-391ce51 elementor-section-boxed elementor-section-height-default elementor-section-height-default\" data-id=\"391ce51\" data-element_type=\"section\" data-settings=\"{&quot;jet_parallax_layout_list&quot;:[]}\">\n\t\t\t\t\t\t<div class=\"elementor-container elementor-column-gap-default\">\n\t\t\t\t\t<div class=\"elementor-column elementor-col-100 elementor-top-column elementor-element elementor-element-37b04d0\" data-id=\"37b04d0\" data-element_type=\"column\">\n\t\t\t<div class=\"elementor-widget-wrap elementor-element-populated\">\n\t\t\t\t\t\t<div class=\"elementor-element elementor-element-9985b52 elementor-widget elementor-widget-text-editor\" data-id=\"9985b52\" data-element_type=\"widget\" data-widget_type=\"text-editor.default\">\n\t\t\t\t<div class=\"elementor-widget-container\">\n\t\t\t\t\t\t\t\t\t<p>Esta p\u00e1gina enlaza con nuestra pol\u00edtica de privacidad. En un esfuerzo continuo por alcanzar la excelencia, adaptamos y modificamos constantemente esta pol\u00edtica, as\u00ed que aseg\u00farese de consultar esta p\u00e1gina con frecuencia. El uso de los sitios web de Canaway y la compra de servicios implica que usted ha le\u00eddo y acepta esta pol\u00edtica de privacidad.<\/p><ul style=\"font-size: 16px;font-style: normal;font-weight: 400\"><li style=\"font-size: 16px\"><a href=\"https:\/\/drive.google.com\/file\/d\/141xnHp8OiyD7-lw7XBNdAktRvc1lxAfD\/view?usp=sharing\" target=\"_blank\" rel=\"noreferrer noopener\">Pol\u00edtica de privacidad de la Academia Canaway<\/a><\/li><\/ul><p><!-- \/wp:paragraph --><\/p>\t\t\t\t\t\t\t\t<\/div>\n\t\t\t\t<\/div>\n\t\t\t\t\t<\/div>\n\t\t<\/div>\n\t\t\t\t\t<\/div>\n\t\t<\/section>\n\t\t\t\t<\/div>","protected":false},"excerpt":{"rendered":"<p>This page links to our privacy policy. In an ongoing effort to strive for excellence, we constantly adapt and make changes to this policy, so be sure to check this page frequently. Your use of Canaway&#8217;s websites and purchase of services implies that you have read and agree to this privacy policy. Canaway Academy Privacy [&hellip;]<\/p>","protected":false},"author":1,"featured_media":0,"parent":0,"menu_order":0,"comment_status":"closed","ping_status":"closed","template":"elementor_header_footer","meta":{"footnotes":""},"class_list":["post-727","page","type-page","status-publish","hentry"],"_links":{"self":[{"href":"https:\/\/canaway.school\/es\/wp-json\/wp\/v2\/pages\/727","targetHints":{"allow":["GET"]}}],"collection":[{"href":"https:\/\/canaway.school\/es\/wp-json\/wp\/v2\/pages"}],"about":[{"href":"https:\/\/canaway.school\/es\/wp-json\/wp\/v2\/types\/page"}],"author":[{"embeddable":true,"href":"https:\/\/canaway.school\/es\/wp-json\/wp\/v2\/users\/1"}],"replies":[{"embeddable":true,"href":"https:\/\/canaway.school\/es\/wp-json\/wp\/v2\/comments?post=727"}],"version-history":[{"count":4,"href":"https:\/\/canaway.school\/es\/wp-json\/wp\/v2\/pages\/727\/revisions"}],"predecessor-version":[{"id":731,"href":"https:\/\/canaway.school\/es\/wp-json\/wp\/v2\/pages\/727\/revisions\/731"}],"wp:attachment":[{"href":"https:\/\/canaway.school\/es\/wp-json\/wp\/v2\/media?parent=727"}],"curies":[{"name":"wp","href":"https:\/\/api.w.org\/{rel}","templated":true}]}}