{"id":722,"date":"2024-05-20T03:59:28","date_gmt":"2024-05-20T07:59:28","guid":{"rendered":"https:\/\/canaway.school\/?page_id=722"},"modified":"2024-05-20T04:01:10","modified_gmt":"2024-05-20T08:01:10","slug":"condiciones-generales","status":"publish","type":"page","link":"https:\/\/canaway.school\/es\/condiciones-generales\/","title":{"rendered":"Condiciones generales"},"content":{"rendered":"<div data-elementor-type=\"wp-page\" data-elementor-id=\"722\" class=\"elementor elementor-722\" data-elementor-post-type=\"page\">\n\t\t\t\t\t\t<section class=\"elementor-section elementor-top-section elementor-element elementor-element-46c8a33 elementor-section-height-min-height elementor-section-boxed elementor-section-height-default elementor-section-items-middle\" data-id=\"46c8a33\" data-element_type=\"section\" data-settings=\"{&quot;jet_parallax_layout_list&quot;:[],&quot;background_background&quot;:&quot;classic&quot;}\">\n\t\t\t\t\t\t<div class=\"elementor-container elementor-column-gap-default\">\n\t\t\t\t\t<div class=\"elementor-column elementor-col-100 elementor-top-column elementor-element elementor-element-84603f6\" data-id=\"84603f6\" data-element_type=\"column\">\n\t\t\t<div class=\"elementor-widget-wrap elementor-element-populated\">\n\t\t\t\t\t\t\t<\/div>\n\t\t<\/div>\n\t\t\t\t\t<\/div>\n\t\t<\/section>\n\t\t\t\t<section class=\"elementor-section elementor-top-section elementor-element elementor-element-771e55f elementor-section-boxed elementor-section-height-default elementor-section-height-default\" data-id=\"771e55f\" data-element_type=\"section\" data-settings=\"{&quot;jet_parallax_layout_list&quot;:[]}\">\n\t\t\t\t\t\t<div class=\"elementor-container elementor-column-gap-default\">\n\t\t\t\t\t<div class=\"elementor-column elementor-col-100 elementor-top-column elementor-element elementor-element-9d282ea\" data-id=\"9d282ea\" data-element_type=\"column\">\n\t\t\t<div class=\"elementor-widget-wrap elementor-element-populated\">\n\t\t\t\t\t\t<div class=\"elementor-element elementor-element-8fe50ec elementor-widget elementor-widget-text-editor\" data-id=\"8fe50ec\" data-element_type=\"widget\" data-widget_type=\"text-editor.default\">\n\t\t\t\t<div class=\"elementor-widget-container\">\n\t\t\t\t\t\t\t\t\t<p>Esta p\u00e1gina contiene el enlace a nuestros t\u00e9rminos y condiciones para cada uno de nuestros servicios. En un esfuerzo continuo por alcanzar la excelencia, adaptamos y modificamos constantemente nuestros servicios en funci\u00f3n de los comentarios recibidos, as\u00ed que aseg\u00farese de revisar con frecuencia las Condiciones. El uso de los sitios web de Canaway y la compra de servicios implica que usted ha le\u00eddo y acepta estos t\u00e9rminos y condiciones.<\/p><ul><li><a href=\"https:\/\/drive.google.com\/file\/d\/1zNwoYbg_tLI-_il8cRsXA0uAWc7xd_Qk\/view?usp=sharing\" target=\"_blank\" rel=\"noreferrer noopener\">T\u00e9rminos y condiciones para todos los servicios de Canaway Academy<\/a><\/li><\/ul><p><!-- \/wp:paragraph --><\/p>\t\t\t\t\t\t\t\t<\/div>\n\t\t\t\t<\/div>\n\t\t\t\t\t<\/div>\n\t\t<\/div>\n\t\t\t\t\t<\/div>\n\t\t<\/section>\n\t\t\t\t<\/div>","protected":false},"excerpt":{"rendered":"<p>Esta p\u00e1gina contiene el enlace a nuestros t\u00e9rminos y condiciones para cada uno de nuestros servicios. En un esfuerzo continuo por alcanzar la excelencia, adaptamos y modificamos constantemente nuestros servicios en funci\u00f3n de los comentarios recibidos, por lo que le recomendamos que revise con frecuencia los T\u00e9rminos y Condiciones. El uso de los sitios web de Canaway y la compra de servicios implica [...]<\/p>","protected":false},"author":1,"featured_media":0,"parent":0,"menu_order":0,"comment_status":"closed","ping_status":"closed","template":"elementor_header_footer","meta":{"footnotes":""},"class_list":["post-722","page","type-page","status-publish","hentry"],"_links":{"self":[{"href":"https:\/\/canaway.school\/es\/wp-json\/wp\/v2\/pages\/722","targetHints":{"allow":["GET"]}}],"collection":[{"href":"https:\/\/canaway.school\/es\/wp-json\/wp\/v2\/pages"}],"about":[{"href":"https:\/\/canaway.school\/es\/wp-json\/wp\/v2\/types\/page"}],"author":[{"embeddable":true,"href":"https:\/\/canaway.school\/es\/wp-json\/wp\/v2\/users\/1"}],"replies":[{"embeddable":true,"href":"https:\/\/canaway.school\/es\/wp-json\/wp\/v2\/comments?post=722"}],"version-history":[{"count":4,"href":"https:\/\/canaway.school\/es\/wp-json\/wp\/v2\/pages\/722\/revisions"}],"predecessor-version":[{"id":726,"href":"https:\/\/canaway.school\/es\/wp-json\/wp\/v2\/pages\/722\/revisions\/726"}],"wp:attachment":[{"href":"https:\/\/canaway.school\/es\/wp-json\/wp\/v2\/media?parent=722"}],"curies":[{"name":"wp","href":"https:\/\/api.w.org\/{rel}","templated":true}]}}