{"id":2139,"date":"2025-09-10T10:23:26","date_gmt":"2025-09-10T14:23:26","guid":{"rendered":"https:\/\/canaway.school\/?page_id=2139"},"modified":"2025-09-10T10:42:15","modified_gmt":"2025-09-10T14:42:15","slug":"como-canaway-le-ayuda-a-triunfar","status":"publish","type":"page","link":"https:\/\/canaway.school\/es\/como-canaway-le-ayuda-a-triunfar\/","title":{"rendered":"C\u00f3mo Canaway le ayuda a triunfar"},"content":{"rendered":"<div data-elementor-type=\"wp-page\" data-elementor-id=\"2139\" class=\"elementor elementor-2139\" data-elementor-post-type=\"page\">\n\t\t\t\t\t\t<section class=\"elementor-section elementor-top-section elementor-element elementor-element-74031e1 elementor-section-boxed elementor-section-height-default elementor-section-height-default\" data-id=\"74031e1\" data-element_type=\"section\" data-settings=\"{&quot;jet_parallax_layout_list&quot;:[]}\">\n\t\t\t\t\t\t<div class=\"elementor-container elementor-column-gap-default\">\n\t\t\t\t\t<div class=\"elementor-column elementor-col-50 elementor-top-column elementor-element elementor-element-211eb43\" data-id=\"211eb43\" data-element_type=\"column\">\n\t\t\t<div class=\"elementor-widget-wrap elementor-element-populated\">\n\t\t\t\t\t\t<div class=\"elementor-element elementor-element-f3cb634 elementor-widget elementor-widget-heading\" data-id=\"f3cb634\" data-element_type=\"widget\" data-widget_type=\"heading.default\">\n\t\t\t\t<div class=\"elementor-widget-container\">\n\t\t\t\t\t<h2 class=\"elementor-heading-title elementor-size-default\">C\u00f3mo le ayuda Canaway a\na tener \u00e9xito<\/h2>\t\t\t\t<\/div>\n\t\t\t\t<\/div>\n\t\t\t\t<div class=\"elementor-element elementor-element-3db623d elementor-widget elementor-widget-heading\" data-id=\"3db623d\" data-element_type=\"widget\" data-widget_type=\"heading.default\">\n\t\t\t\t<div class=\"elementor-widget-container\">\n\t\t\t\t\t<h2 class=\"elementor-heading-title elementor-size-default\">Bienvenido Tanto si eres un estudiante canadiense como internacional, CHS te ofrece el camino, el ritmo y el apoyo adecuados para alcanzar tus objetivos.<\/h2>\t\t\t\t<\/div>\n\t\t\t\t<\/div>\n\t\t\t\t<div class=\"elementor-element elementor-element-f033f03 elementor-widget__width-auto elementor-widget elementor-widget-button\" data-id=\"f033f03\" data-element_type=\"widget\" data-widget_type=\"button.default\">\n\t\t\t\t<div class=\"elementor-widget-container\">\n\t\t\t\t\t\t\t\t\t<div class=\"elementor-button-wrapper\">\n\t\t\t\t\t<a class=\"elementor-button elementor-button-link elementor-size-sm\" href=\"https:\/\/canaway.school\/es\/estudiantes-canadienses\/\">\n\t\t\t\t\t\t<span class=\"elementor-button-content-wrapper\">\n\t\t\t\t\t\t\t\t\t<span class=\"elementor-button-text\">Estudiantes canadienses<\/span>\n\t\t\t\t\t<\/span>\n\t\t\t\t\t<\/a>\n\t\t\t\t<\/div>\n\t\t\t\t\t\t\t\t<\/div>\n\t\t\t\t<\/div>\n\t\t\t\t<div class=\"elementor-element elementor-element-ba7cf4b elementor-widget__width-auto elementor-widget elementor-widget-button\" data-id=\"ba7cf4b\" data-element_type=\"widget\" data-widget_type=\"button.default\">\n\t\t\t\t<div class=\"elementor-widget-container\">\n\t\t\t\t\t\t\t\t\t<div class=\"elementor-button-wrapper\">\n\t\t\t\t\t<a class=\"elementor-button elementor-button-link elementor-size-sm\" href=\"https:\/\/canaway.school\/es\/estudiantes-internacionales\/\">\n\t\t\t\t\t\t<span class=\"elementor-button-content-wrapper\">\n\t\t\t\t\t\t\t\t\t<span class=\"elementor-button-text\">Estudiantes internacionales<\/span>\n\t\t\t\t\t<\/span>\n\t\t\t\t\t<\/a>\n\t\t\t\t<\/div>\n\t\t\t\t\t\t\t\t<\/div>\n\t\t\t\t<\/div>\n\t\t\t\t\t<\/div>\n\t\t<\/div>\n\t\t\t\t<div class=\"elementor-column elementor-col-50 elementor-top-column elementor-element elementor-element-090f669\" data-id=\"090f669\" data-element_type=\"column\">\n\t\t\t<div class=\"elementor-widget-wrap elementor-element-populated\">\n\t\t\t\t\t\t<div class=\"elementor-element elementor-element-f7734d0 elementor-widget elementor-widget-image\" data-id=\"f7734d0\" data-element_type=\"widget\" data-widget_type=\"image.default\">\n\t\t\t\t<div class=\"elementor-widget-container\">\n\t\t\t\t\t\t\t\t\t\t\t\t\t\t\t<img fetchpriority=\"high\" decoding=\"async\" width=\"800\" height=\"534\" src=\"https:\/\/canaway.school\/wp-content\/uploads\/2025\/09\/Recurso-2-100-min-2-1024x684.jpg\" class=\"attachment-large size-large wp-image-2142\" alt=\"\" srcset=\"https:\/\/canaway.school\/wp-content\/uploads\/2025\/09\/Recurso-2-100-min-2-1024x684.jpg 1024w, https:\/\/canaway.school\/wp-content\/uploads\/2025\/09\/Recurso-2-100-min-2-300x200.jpg 300w, https:\/\/canaway.school\/wp-content\/uploads\/2025\/09\/Recurso-2-100-min-2-768x513.jpg 768w, https:\/\/canaway.school\/wp-content\/uploads\/2025\/09\/Recurso-2-100-min-2-1536x1025.jpg 1536w, https:\/\/canaway.school\/wp-content\/uploads\/2025\/09\/Recurso-2-100-min-2-18x12.jpg 18w, https:\/\/canaway.school\/wp-content\/uploads\/2025\/09\/Recurso-2-100-min-2-600x401.jpg 600w, https:\/\/canaway.school\/wp-content\/uploads\/2025\/09\/Recurso-2-100-min-2.jpg 1940w\" sizes=\"(max-width: 800px) 100vw, 800px\" \/>\t\t\t\t\t\t\t\t\t\t\t\t\t\t\t<\/div>\n\t\t\t\t<\/div>\n\t\t\t\t\t<\/div>\n\t\t<\/div>\n\t\t\t\t\t<\/div>\n\t\t<\/section>\n\t\t\t\t<section class=\"elementor-section elementor-top-section elementor-element elementor-element-b54b774 elementor-section-boxed elementor-section-height-default elementor-section-height-default\" data-id=\"b54b774\" data-element_type=\"section\" data-settings=\"{&quot;jet_parallax_layout_list&quot;:[]}\">\n\t\t\t\t\t\t<div class=\"elementor-container elementor-column-gap-default\">\n\t\t\t\t\t<div class=\"elementor-column elementor-col-50 elementor-top-column elementor-element elementor-element-2461a96\" data-id=\"2461a96\" data-element_type=\"column\">\n\t\t\t<div class=\"elementor-widget-wrap elementor-element-populated\">\n\t\t\t\t\t\t<div class=\"elementor-element elementor-element-3ed142e elementor-widget elementor-widget-heading\" data-id=\"3ed142e\" data-element_type=\"widget\" data-widget_type=\"heading.default\">\n\t\t\t\t<div class=\"elementor-widget-container\">\n\t\t\t\t\t<h2 class=\"elementor-heading-title elementor-size-default\">Para estudiantes canadienses\n<\/h2>\t\t\t\t<\/div>\n\t\t\t\t<\/div>\n\t\t\t\t<div class=\"elementor-element elementor-element-968c0a2 elementor-widget elementor-widget-text-editor\" data-id=\"968c0a2\" data-element_type=\"widget\" data-widget_type=\"text-editor.default\">\n\t\t\t\t<div class=\"elementor-widget-container\">\n\t\t\t\t\t\t\t\t\t<h4><strong>Empezar es sencillo<\/strong><\/h4><ol><li><strong>Inscr\u00edbete:<\/strong> Crea una cuenta.<\/li><li><strong>Seleccione su curso<\/strong> y pagar la tasa.<\/li><li><strong>Ponte en marcha:<\/strong> Dependiendo del curso, la finalizaci\u00f3n puede llevar de 4 semanas a 1 a\u00f1o.<\/li><\/ol>\t\t\t\t\t\t\t\t<\/div>\n\t\t\t\t<\/div>\n\t\t\t\t<div class=\"elementor-element elementor-element-4da4d78 elementor-widget elementor-widget-text-editor\" data-id=\"4da4d78\" data-element_type=\"widget\" data-widget_type=\"text-editor.default\">\n\t\t\t\t<div class=\"elementor-widget-container\">\n\t\t\t\t\t\t\t\t\t<h4><strong>Tu profesor de apoyo<\/strong><\/h4><ul><li>Comprende sus objetivos.<\/li><li>Crea un calendario de estudio personalizado.<\/li><li>Realiza un seguimiento de tus progresos y te proporciona comentarios sobre las tareas.<\/li><li>Se re\u00fane contigo en directo por Zoom o se comunica por WhatsApp.<\/li><\/ul>\t\t\t\t\t\t\t\t<\/div>\n\t\t\t\t<\/div>\n\t\t\t\t\t<\/div>\n\t\t<\/div>\n\t\t\t\t<div class=\"elementor-column elementor-col-50 elementor-top-column elementor-element elementor-element-91da8f5\" data-id=\"91da8f5\" data-element_type=\"column\">\n\t\t\t<div class=\"elementor-widget-wrap elementor-element-populated\">\n\t\t\t\t\t\t<div class=\"elementor-element elementor-element-1bcc0be elementor-widget elementor-widget-image\" data-id=\"1bcc0be\" data-element_type=\"widget\" data-widget_type=\"image.default\">\n\t\t\t\t<div class=\"elementor-widget-container\">\n\t\t\t\t\t\t\t\t\t\t\t\t\t\t\t<img decoding=\"async\" width=\"683\" height=\"1024\" src=\"https:\/\/canaway.school\/wp-content\/uploads\/2025\/09\/20399-683x1024.jpg\" class=\"attachment-large size-large wp-image-2143\" alt=\"\" srcset=\"https:\/\/canaway.school\/wp-content\/uploads\/2025\/09\/20399-683x1024.jpg 683w, https:\/\/canaway.school\/wp-content\/uploads\/2025\/09\/20399-200x300.jpg 200w, https:\/\/canaway.school\/wp-content\/uploads\/2025\/09\/20399-768x1151.jpg 768w, https:\/\/canaway.school\/wp-content\/uploads\/2025\/09\/20399-8x12.jpg 8w, https:\/\/canaway.school\/wp-content\/uploads\/2025\/09\/20399-600x899.jpg 600w, https:\/\/canaway.school\/wp-content\/uploads\/2025\/09\/20399.jpg 1001w\" sizes=\"(max-width: 683px) 100vw, 683px\" \/>\t\t\t\t\t\t\t\t\t\t\t\t\t\t\t<\/div>\n\t\t\t\t<\/div>\n\t\t\t\t\t<\/div>\n\t\t<\/div>\n\t\t\t\t\t<\/div>\n\t\t<\/section>\n\t\t\t\t<section class=\"elementor-section elementor-top-section elementor-element elementor-element-74d0840 elementor-section-boxed elementor-section-height-default elementor-section-height-default\" data-id=\"74d0840\" data-element_type=\"section\" data-settings=\"{&quot;jet_parallax_layout_list&quot;:[]}\">\n\t\t\t\t\t\t<div class=\"elementor-container elementor-column-gap-default\">\n\t\t\t\t\t<div class=\"elementor-column elementor-col-100 elementor-top-column elementor-element elementor-element-38b0d1d\" data-id=\"38b0d1d\" data-element_type=\"column\">\n\t\t\t<div class=\"elementor-widget-wrap elementor-element-populated\">\n\t\t\t\t\t\t<div class=\"elementor-element elementor-element-4e85ea0 elementor-widget elementor-widget-heading\" data-id=\"4e85ea0\" data-element_type=\"widget\" data-widget_type=\"heading.default\">\n\t\t\t\t<div class=\"elementor-widget-container\">\n\t\t\t\t\t<h2 class=\"elementor-heading-title elementor-size-default\">Elija su opci\u00f3n de aprendizaje<\/h2>\t\t\t\t<\/div>\n\t\t\t\t<\/div>\n\t\t\t\t<section class=\"elementor-section elementor-inner-section elementor-element elementor-element-e5f26b9 elementor-section-boxed elementor-section-height-default elementor-section-height-default\" data-id=\"e5f26b9\" data-element_type=\"section\" data-settings=\"{&quot;jet_parallax_layout_list&quot;:[]}\">\n\t\t\t\t\t\t<div class=\"elementor-container elementor-column-gap-default\">\n\t\t\t\t\t<div class=\"elementor-column elementor-col-33 elementor-inner-column elementor-element elementor-element-64b315b\" data-id=\"64b315b\" data-element_type=\"column\" data-settings=\"{&quot;background_background&quot;:&quot;classic&quot;}\">\n\t\t\t<div class=\"elementor-widget-wrap elementor-element-populated\">\n\t\t\t\t\t\t<div class=\"elementor-element elementor-element-f97d7b7 elementor-widget elementor-widget-heading\" data-id=\"f97d7b7\" data-element_type=\"widget\" data-widget_type=\"heading.default\">\n\t\t\t\t<div class=\"elementor-widget-container\">\n\t\t\t\t\t<h2 class=\"elementor-heading-title elementor-size-default\">Lite<\/h2>\t\t\t\t<\/div>\n\t\t\t\t<\/div>\n\t\t\t\t<div class=\"elementor-element elementor-element-f5627d4 elementor-widget elementor-widget-heading\" data-id=\"f5627d4\" data-element_type=\"widget\" data-widget_type=\"heading.default\">\n\t\t\t\t<div class=\"elementor-widget-container\">\n\t\t\t\t\t<h2 class=\"elementor-heading-title elementor-size-default\">Para cursos m\u00e1s sencillos con un apoyo m\u00ednimo.\n<\/h2>\t\t\t\t<\/div>\n\t\t\t\t<\/div>\n\t\t\t\t\t<\/div>\n\t\t<\/div>\n\t\t\t\t<div class=\"elementor-column elementor-col-33 elementor-inner-column elementor-element elementor-element-0955bce\" data-id=\"0955bce\" data-element_type=\"column\" data-settings=\"{&quot;background_background&quot;:&quot;classic&quot;}\">\n\t\t\t<div class=\"elementor-widget-wrap elementor-element-populated\">\n\t\t\t\t\t\t<div class=\"elementor-element elementor-element-320c363 elementor-widget elementor-widget-heading\" data-id=\"320c363\" data-element_type=\"widget\" data-widget_type=\"heading.default\">\n\t\t\t\t<div class=\"elementor-widget-container\">\n\t\t\t\t\t<h2 class=\"elementor-heading-title elementor-size-default\">M\u00e1s<\/h2>\t\t\t\t<\/div>\n\t\t\t\t<\/div>\n\t\t\t\t<div class=\"elementor-element elementor-element-7b211c8 elementor-widget elementor-widget-heading\" data-id=\"7b211c8\" data-element_type=\"widget\" data-widget_type=\"heading.default\">\n\t\t\t\t<div class=\"elementor-widget-container\">\n\t\t\t\t\t<h2 class=\"elementor-heading-title elementor-size-default\">Para cursos m\u00e1s exigentes con mayor apoyo.<\/h2>\t\t\t\t<\/div>\n\t\t\t\t<\/div>\n\t\t\t\t\t<\/div>\n\t\t<\/div>\n\t\t\t\t<div class=\"elementor-column elementor-col-33 elementor-inner-column elementor-element elementor-element-ab990d2\" data-id=\"ab990d2\" data-element_type=\"column\">\n\t\t\t<div class=\"elementor-widget-wrap\">\n\t\t\t\t\t\t\t<\/div>\n\t\t<\/div>\n\t\t\t\t\t<\/div>\n\t\t<\/section>\n\t\t\t\t<div class=\"elementor-element elementor-element-f326287 elementor-widget elementor-widget-heading\" data-id=\"f326287\" data-element_type=\"widget\" data-widget_type=\"heading.default\">\n\t\t\t\t<div class=\"elementor-widget-container\">\n\t\t\t\t\t<h2 class=\"elementor-heading-title elementor-size-default\">T\u00fa decides tu ritmo y nivel de orientaci\u00f3n.\n<\/h2>\t\t\t\t<\/div>\n\t\t\t\t<\/div>\n\t\t\t\t\t<\/div>\n\t\t<\/div>\n\t\t\t\t\t<\/div>\n\t\t<\/section>\n\t\t\t\t<section class=\"elementor-section elementor-top-section elementor-element elementor-element-9e71b72 elementor-section-boxed elementor-section-height-default elementor-section-height-default\" data-id=\"9e71b72\" data-element_type=\"section\" data-settings=\"{&quot;jet_parallax_layout_list&quot;:[]}\">\n\t\t\t\t\t\t<div class=\"elementor-container elementor-column-gap-default\">\n\t\t\t\t\t<div class=\"elementor-column elementor-col-100 elementor-top-column elementor-element elementor-element-127a093\" data-id=\"127a093\" data-element_type=\"column\">\n\t\t\t<div class=\"elementor-widget-wrap elementor-element-populated\">\n\t\t\t\t\t\t<div class=\"elementor-element elementor-element-a78d87b elementor-widget elementor-widget-heading\" data-id=\"a78d87b\" data-element_type=\"widget\" data-widget_type=\"heading.default\">\n\t\t\t\t<div class=\"elementor-widget-container\">\n\t\t\t\t\t<h2 class=\"elementor-heading-title elementor-size-default\">Para estudiantes internacionales<\/h2>\t\t\t\t<\/div>\n\t\t\t\t<\/div>\n\t\t\t\t<div class=\"elementor-element elementor-element-f4312d6 elementor-widget elementor-widget-heading\" data-id=\"f4312d6\" data-element_type=\"widget\" data-widget_type=\"heading.default\">\n\t\t\t\t<div class=\"elementor-widget-container\">\n\t\t\t\t\t<h2 class=\"elementor-heading-title elementor-size-default\">Como <b>Escuela privada inspeccionada por el Ministerio de Educaci\u00f3n<\/b>Canaway High School (CHS) est\u00e1 autorizada a conceder cr\u00e9ditos para el <b>Diploma de Educaci\u00f3n Secundaria de Ontario (OSSD).<\/b><\/h2>\t\t\t\t<\/div>\n\t\t\t\t<\/div>\n\t\t\t\t<div class=\"elementor-element elementor-element-96438cb elementor-widget elementor-widget-text-editor\" data-id=\"96438cb\" data-element_type=\"widget\" data-widget_type=\"text-editor.default\">\n\t\t\t\t<div class=\"elementor-widget-container\">\n\t\t\t\t\t\t\t\t\t<h4><strong>Tu lata:<\/strong><\/h4><ul><li>Toma un <strong>curso \u00fanico<\/strong>o<\/li><li>Complete <strong>todos los cursos<\/strong> necesarios para la OSSD<\/li><\/ul><p>La OSSD es <b>reconocido en todo el mundo<\/b> y le ayuda a solicitar <b>las mejores universidades del mundo<\/b>.\u00a0<\/p><p><b>Recomendamos la opci\u00f3n de aprendizaje \"Premium<\/b> para estudiantes internacionales. As\u00ed es como creamos tu plan personalizado:<\/p><ul><li>Consulta: Hable de sus objetivos, plazos y presupuesto.<\/li><li>Evaluaciones<\/li><li>Prueba de nivel de ingl\u00e9s<\/li><li>Ex\u00e1menes de diagn\u00f3stico en asignaturas como Matem\u00e1ticas y Literatura inglesa<\/li><li>Reuniones 1 a 1: Re\u00fanase con nuestros Directores Acad\u00e9micos en ingl\u00e9s<\/li><\/ul><p>Despu\u00e9s, nuestro <strong>consejero de orientaci\u00f3n<\/strong> revisar\u00e1 tus resultados contigo (y con tus padres si eres menor de edad) para finalizar tu <strong>plan personalizado<\/strong>. Una vez acordado, se le da la bienvenida oficial a Canaway y su <strong>comienza el viaje hacia el \u00e9xito<\/strong>.<\/p>\t\t\t\t\t\t\t\t<\/div>\n\t\t\t\t<\/div>\n\t\t\t\t\t<\/div>\n\t\t<\/div>\n\t\t\t\t\t<\/div>\n\t\t<\/section>\n\t\t\t\t<section class=\"elementor-section elementor-top-section elementor-element elementor-element-44cbaf4 elementor-section-boxed elementor-section-height-default elementor-section-height-default\" data-id=\"44cbaf4\" data-element_type=\"section\" data-settings=\"{&quot;jet_parallax_layout_list&quot;:[]}\">\n\t\t\t\t\t\t<div class=\"elementor-container elementor-column-gap-default\">\n\t\t\t\t\t<div class=\"elementor-column elementor-col-100 elementor-top-column elementor-element elementor-element-f19badd\" data-id=\"f19badd\" data-element_type=\"column\">\n\t\t\t<div class=\"elementor-widget-wrap elementor-element-populated\">\n\t\t\t\t\t\t<div class=\"elementor-element elementor-element-83a80e6 elementor-widget elementor-widget-heading\" data-id=\"83a80e6\" data-element_type=\"widget\" data-widget_type=\"heading.default\">\n\t\t\t\t<div class=\"elementor-widget-container\">\n\t\t\t\t\t<h2 class=\"elementor-heading-title elementor-size-default\">Despu\u00e9s de la admisi\u00f3n\n<\/h2>\t\t\t\t<\/div>\n\t\t\t\t<\/div>\n\t\t\t\t<div class=\"elementor-element elementor-element-a5456fa elementor-widget elementor-widget-heading\" data-id=\"a5456fa\" data-element_type=\"widget\" data-widget_type=\"heading.default\">\n\t\t\t\t<div class=\"elementor-widget-container\">\n\t\t\t\t\t<h2 class=\"elementor-heading-title elementor-size-default\">Presentar\u00e1 su <b>DNI y expedientes acad\u00e9micos anteriores.<\/b> Entonces:<\/h2>\t\t\t\t<\/div>\n\t\t\t\t<\/div>\n\t\t\t\t<div class=\"elementor-element elementor-element-ea383f9 elementor-widget elementor-widget-text-editor\" data-id=\"ea383f9\" data-element_type=\"widget\" data-widget_type=\"text-editor.default\">\n\t\t\t\t<div class=\"elementor-widget-container\">\n\t\t\t\t\t\t\t\t\t<ul><li>Asignar cursos para el semestre<\/li><li>Elegir la mejor modalidad de aprendizaje (autodidacta, h\u00edbrida, presencial)<\/li><li>Proporcionar un documento \"Promesa\" que confirme que la educaci\u00f3n previa ser\u00e1 reconocida como cr\u00e9ditos de transferencia despu\u00e9s de completar con \u00e9xito el primer semestre con nosotros.<\/li><\/ul><p>A las tres semanas del semestre, comprobamos tus progresos y ajustamos tu plan seg\u00fan sea necesario.<\/p>\t\t\t\t\t\t\t\t<\/div>\n\t\t\t\t<\/div>\n\t\t\t\t\t<\/div>\n\t\t<\/div>\n\t\t\t\t\t<\/div>\n\t\t<\/section>\n\t\t\t\t<section class=\"elementor-section elementor-top-section elementor-element elementor-element-611c9ce elementor-section-boxed elementor-section-height-default elementor-section-height-default\" data-id=\"611c9ce\" data-element_type=\"section\" data-settings=\"{&quot;jet_parallax_layout_list&quot;:[]}\">\n\t\t\t\t\t\t<div class=\"elementor-container elementor-column-gap-default\">\n\t\t\t\t\t<div class=\"elementor-column elementor-col-100 elementor-top-column elementor-element elementor-element-1a041fb\" data-id=\"1a041fb\" data-element_type=\"column\">\n\t\t\t<div class=\"elementor-widget-wrap elementor-element-populated\">\n\t\t\t\t\t\t<div class=\"elementor-element elementor-element-18aa38c elementor-widget elementor-widget-heading\" data-id=\"18aa38c\" data-element_type=\"widget\" data-widget_type=\"heading.default\">\n\t\t\t\t<div class=\"elementor-widget-container\">\n\t\t\t\t\t<h2 class=\"elementor-heading-title elementor-size-default\">A lo largo del semestre<\/h2>\t\t\t\t<\/div>\n\t\t\t\t<\/div>\n\t\t\t\t<div class=\"elementor-element elementor-element-9efd833 elementor-widget elementor-widget-heading\" data-id=\"9efd833\" data-element_type=\"widget\" data-widget_type=\"heading.default\">\n\t\t\t\t<div class=\"elementor-widget-container\">\n\t\t\t\t\t<h2 class=\"elementor-heading-title elementor-size-default\">Nuestro equipo proporciona apoyo constante, garantizando que ning\u00fan estudiante se quede atr\u00e1s.<\/h2>\t\t\t\t<\/div>\n\t\t\t\t<\/div>\n\t\t\t\t\t<\/div>\n\t\t<\/div>\n\t\t\t\t\t<\/div>\n\t\t<\/section>\n\t\t\t\t<\/div>","protected":false},"excerpt":{"rendered":"<p>C\u00f3mo Canaway te ayuda a tener \u00e9xito \u00a1Bienvenido! Tanto si eres un estudiante canadiense como internacional, CHS te ofrece el camino, el ritmo y el apoyo adecuados para alcanzar tus objetivos. Estudiantes canadienses Estudiantes internacionales Para estudiantes canadienses Empezar es sencillo Reg\u00edstrate: Cree una cuenta. Seleccione su curso y pague la cuota. Empieza: Dependiendo del curso, la finalizaci\u00f3n [...]<\/p>","protected":false},"author":1,"featured_media":0,"parent":0,"menu_order":0,"comment_status":"closed","ping_status":"closed","template":"elementor_header_footer","meta":{"footnotes":""},"class_list":["post-2139","page","type-page","status-publish","hentry"],"_links":{"self":[{"href":"https:\/\/canaway.school\/es\/wp-json\/wp\/v2\/pages\/2139","targetHints":{"allow":["GET"]}}],"collection":[{"href":"https:\/\/canaway.school\/es\/wp-json\/wp\/v2\/pages"}],"about":[{"href":"https:\/\/canaway.school\/es\/wp-json\/wp\/v2\/types\/page"}],"author":[{"embeddable":true,"href":"https:\/\/canaway.school\/es\/wp-json\/wp\/v2\/users\/1"}],"replies":[{"embeddable":true,"href":"https:\/\/canaway.school\/es\/wp-json\/wp\/v2\/comments?post=2139"}],"version-history":[{"count":7,"href":"https:\/\/canaway.school\/es\/wp-json\/wp\/v2\/pages\/2139\/revisions"}],"predecessor-version":[{"id":2149,"href":"https:\/\/canaway.school\/es\/wp-json\/wp\/v2\/pages\/2139\/revisions\/2149"}],"wp:attachment":[{"href":"https:\/\/canaway.school\/es\/wp-json\/wp\/v2\/media?parent=2139"}],"curies":[{"name":"wp","href":"https:\/\/api.w.org\/{rel}","templated":true}]}}