{"id":2012,"date":"2025-09-09T15:57:36","date_gmt":"2025-09-09T19:57:36","guid":{"rendered":"https:\/\/canaway.school\/?page_id=2012"},"modified":"2025-09-09T16:12:27","modified_gmt":"2025-09-09T20:12:27","slug":"asociacion-para-el-exito-de-los-estudiantes","status":"publish","type":"page","link":"https:\/\/canaway.school\/es\/asociacion-para-el-exito-de-los-estudiantes\/","title":{"rendered":"Asociarse para el \u00e9xito de los estudiantes"},"content":{"rendered":"<div data-elementor-type=\"wp-page\" data-elementor-id=\"2012\" class=\"elementor elementor-2012\" data-elementor-post-type=\"page\">\n\t\t\t\t\t\t<section class=\"elementor-section elementor-top-section elementor-element elementor-element-d5aedba elementor-section-height-min-height elementor-section-items-stretch elementor-section-boxed elementor-section-height-default\" data-id=\"d5aedba\" data-element_type=\"section\" data-settings=\"{&quot;jet_parallax_layout_list&quot;:[],&quot;background_background&quot;:&quot;classic&quot;}\">\n\t\t\t\t\t\t\t<div class=\"elementor-background-overlay\"><\/div>\n\t\t\t\t\t\t\t<div class=\"elementor-container elementor-column-gap-default\">\n\t\t\t\t\t<div class=\"elementor-column elementor-col-100 elementor-top-column elementor-element elementor-element-b5ce5c3\" data-id=\"b5ce5c3\" data-element_type=\"column\">\n\t\t\t<div class=\"elementor-widget-wrap elementor-element-populated\">\n\t\t\t\t\t\t<section class=\"elementor-section elementor-inner-section elementor-element elementor-element-fc6f0d3 elementor-section-boxed elementor-section-height-default elementor-section-height-default\" data-id=\"fc6f0d3\" data-element_type=\"section\" data-settings=\"{&quot;jet_parallax_layout_list&quot;:[]}\">\n\t\t\t\t\t\t<div class=\"elementor-container elementor-column-gap-default\">\n\t\t\t\t\t<div class=\"elementor-column elementor-col-50 elementor-inner-column elementor-element elementor-element-ebe2154\" data-id=\"ebe2154\" data-element_type=\"column\" data-settings=\"{&quot;background_background&quot;:&quot;classic&quot;}\">\n\t\t\t<div class=\"elementor-widget-wrap elementor-element-populated\">\n\t\t\t\t\t<div class=\"elementor-background-overlay\"><\/div>\n\t\t\t\t\t\t<div class=\"elementor-element elementor-element-96f46b0 elementor-widget elementor-widget-heading\" data-id=\"96f46b0\" data-element_type=\"widget\" data-widget_type=\"heading.default\">\n\t\t\t\t<div class=\"elementor-widget-container\">\n\t\t\t\t\t<h2 class=\"elementor-heading-title elementor-size-default\">Asociarse para <br><span style=\"color:#A11D26\">\u00c9xito estudiantil<\/h2>\t\t\t\t<\/div>\n\t\t\t\t<\/div>\n\t\t\t\t\t<\/div>\n\t\t<\/div>\n\t\t\t\t<div class=\"elementor-column elementor-col-50 elementor-inner-column elementor-element elementor-element-b7aeef9 elementor-hidden-mobile\" data-id=\"b7aeef9\" data-element_type=\"column\">\n\t\t\t<div class=\"elementor-widget-wrap\">\n\t\t\t\t\t\t\t<\/div>\n\t\t<\/div>\n\t\t\t\t\t<\/div>\n\t\t<\/section>\n\t\t\t\t\t<\/div>\n\t\t<\/div>\n\t\t\t\t\t<\/div>\n\t\t<\/section>\n\t\t\t\t<section class=\"elementor-section elementor-top-section elementor-element elementor-element-ff0c8b0 elementor-reverse-tablet elementor-reverse-mobile elementor-section-boxed elementor-section-height-default elementor-section-height-default\" data-id=\"ff0c8b0\" data-element_type=\"section\" data-settings=\"{&quot;jet_parallax_layout_list&quot;:[]}\">\n\t\t\t\t\t\t<div class=\"elementor-container elementor-column-gap-default\">\n\t\t\t\t\t<div class=\"elementor-column elementor-col-50 elementor-top-column elementor-element elementor-element-2bfb8c3\" data-id=\"2bfb8c3\" data-element_type=\"column\">\n\t\t\t<div class=\"elementor-widget-wrap elementor-element-populated\">\n\t\t\t\t\t\t<div class=\"elementor-element elementor-element-77e1894 elementor-widget elementor-widget-text-editor\" data-id=\"77e1894\" data-element_type=\"widget\" data-widget_type=\"text-editor.default\">\n\t\t\t\t<div class=\"elementor-widget-container\">\n\t\t\t\t\t\t\t\t\t<p>En Canaway High School (CHS), nos apasiona ayudar a los estudiantes a alcanzar su m\u00e1ximo potencial. Como l\u00edder de confianza en la educaci\u00f3n secundaria en l\u00ednea, trabajamos con escuelas y organizaciones de todo el mundo, ofreciendo un diploma de escuela secundaria reconocido internacionalmente. Ya sea matriculando a estudiantes en nuestros cursos o creando programas en l\u00ednea o mixtos totalmente personalizados, siempre nos entusiasma crear nuevas asociaciones que inspiren el \u00e9xito.<\/p>\t\t\t\t\t\t\t\t<\/div>\n\t\t\t\t<\/div>\n\t\t\t\t<div class=\"elementor-element elementor-element-3406a2d elementor-widget elementor-widget-button\" data-id=\"3406a2d\" data-element_type=\"widget\" data-widget_type=\"button.default\">\n\t\t\t\t<div class=\"elementor-widget-container\">\n\t\t\t\t\t\t\t\t\t<div class=\"elementor-button-wrapper\">\n\t\t\t\t\t<a class=\"elementor-button elementor-button-link elementor-size-sm\" href=\"#elementor-action%3Aaction%3Dpopup%3Aopen%26settings%3DeyJpZCI6IjIwMjAiLCJ0b2dnbGUiOmZhbHNlfQ%3D%3D\" target=\"_blank\">\n\t\t\t\t\t\t<span class=\"elementor-button-content-wrapper\">\n\t\t\t\t\t\t\t\t\t<span class=\"elementor-button-text\">Formulario de consulta para socios<\/span>\n\t\t\t\t\t<\/span>\n\t\t\t\t\t<\/a>\n\t\t\t\t<\/div>\n\t\t\t\t\t\t\t\t<\/div>\n\t\t\t\t<\/div>\n\t\t\t\t\t<\/div>\n\t\t<\/div>\n\t\t\t\t<div class=\"elementor-column elementor-col-50 elementor-top-column elementor-element elementor-element-90d629a\" data-id=\"90d629a\" data-element_type=\"column\">\n\t\t\t<div class=\"elementor-widget-wrap elementor-element-populated\">\n\t\t\t\t\t\t<div class=\"elementor-element elementor-element-db1378f elementor-widget elementor-widget-image\" data-id=\"db1378f\" data-element_type=\"widget\" data-widget_type=\"image.default\">\n\t\t\t\t<div class=\"elementor-widget-container\">\n\t\t\t\t\t\t\t\t\t\t\t\t\t\t\t<img fetchpriority=\"high\" decoding=\"async\" width=\"800\" height=\"516\" src=\"https:\/\/canaway.school\/wp-content\/uploads\/2025\/09\/Imagen1-100-min-1024x660.jpg\" class=\"attachment-large size-large wp-image-2024\" alt=\"\" srcset=\"https:\/\/canaway.school\/wp-content\/uploads\/2025\/09\/Imagen1-100-min-1024x660.jpg 1024w, https:\/\/canaway.school\/wp-content\/uploads\/2025\/09\/Imagen1-100-min-300x193.jpg 300w, https:\/\/canaway.school\/wp-content\/uploads\/2025\/09\/Imagen1-100-min-768x495.jpg 768w, https:\/\/canaway.school\/wp-content\/uploads\/2025\/09\/Imagen1-100-min-1536x991.jpg 1536w, https:\/\/canaway.school\/wp-content\/uploads\/2025\/09\/Imagen1-100-min-18x12.jpg 18w, https:\/\/canaway.school\/wp-content\/uploads\/2025\/09\/Imagen1-100-min-600x387.jpg 600w, https:\/\/canaway.school\/wp-content\/uploads\/2025\/09\/Imagen1-100-min.jpg 1676w\" sizes=\"(max-width: 800px) 100vw, 800px\" \/>\t\t\t\t\t\t\t\t\t\t\t\t\t\t\t<\/div>\n\t\t\t\t<\/div>\n\t\t\t\t\t<\/div>\n\t\t<\/div>\n\t\t\t\t\t<\/div>\n\t\t<\/section>\n\t\t\t\t<\/div>","protected":false},"excerpt":{"rendered":"<p>Asociaci\u00f3n para el \u00e9xito del estudiante En Canaway High School (CHS), nos apasiona ayudar a los estudiantes a alcanzar su m\u00e1ximo potencial. Como l\u00edder de confianza en la educaci\u00f3n secundaria en l\u00ednea, trabajamos con escuelas y organizaciones de todo el mundo, ofreciendo un diploma de escuela secundaria reconocido internacionalmente. Ya sea matriculando estudiantes en nuestros cursos o creando programas en l\u00ednea o mixtos totalmente personalizados, [...]<\/p>","protected":false},"author":1,"featured_media":0,"parent":0,"menu_order":0,"comment_status":"closed","ping_status":"closed","template":"elementor_header_footer","meta":{"footnotes":""},"class_list":["post-2012","page","type-page","status-publish","hentry"],"_links":{"self":[{"href":"https:\/\/canaway.school\/es\/wp-json\/wp\/v2\/pages\/2012","targetHints":{"allow":["GET"]}}],"collection":[{"href":"https:\/\/canaway.school\/es\/wp-json\/wp\/v2\/pages"}],"about":[{"href":"https:\/\/canaway.school\/es\/wp-json\/wp\/v2\/types\/page"}],"author":[{"embeddable":true,"href":"https:\/\/canaway.school\/es\/wp-json\/wp\/v2\/users\/1"}],"replies":[{"embeddable":true,"href":"https:\/\/canaway.school\/es\/wp-json\/wp\/v2\/comments?post=2012"}],"version-history":[{"count":4,"href":"https:\/\/canaway.school\/es\/wp-json\/wp\/v2\/pages\/2012\/revisions"}],"predecessor-version":[{"id":2034,"href":"https:\/\/canaway.school\/es\/wp-json\/wp\/v2\/pages\/2012\/revisions\/2034"}],"wp:attachment":[{"href":"https:\/\/canaway.school\/es\/wp-json\/wp\/v2\/media?parent=2012"}],"curies":[{"name":"wp","href":"https:\/\/api.w.org\/{rel}","templated":true}]}}