{"id":1699,"date":"2025-05-27T01:35:11","date_gmt":"2025-05-27T05:35:11","guid":{"rendered":"https:\/\/canaway.school\/?page_id=1699"},"modified":"2025-09-09T16:12:16","modified_gmt":"2025-09-09T20:12:16","slug":"estudiantes-internacionales","status":"publish","type":"page","link":"https:\/\/canaway.school\/es\/estudiantes-internacionales\/","title":{"rendered":"Estudiantes internacionales"},"content":{"rendered":"<div data-elementor-type=\"wp-page\" data-elementor-id=\"1699\" class=\"elementor elementor-1699\" data-elementor-post-type=\"page\">\n\t\t\t\t\t\t<section class=\"elementor-section elementor-top-section elementor-element elementor-element-361a3c9 elementor-section-height-min-height elementor-section-items-stretch elementor-section-boxed elementor-section-height-default\" data-id=\"361a3c9\" data-element_type=\"section\" data-settings=\"{&quot;jet_parallax_layout_list&quot;:[],&quot;background_background&quot;:&quot;classic&quot;}\">\n\t\t\t\t\t\t\t<div class=\"elementor-background-overlay\"><\/div>\n\t\t\t\t\t\t\t<div class=\"elementor-container elementor-column-gap-default\">\n\t\t\t\t\t<div class=\"elementor-column elementor-col-100 elementor-top-column elementor-element elementor-element-963c274\" data-id=\"963c274\" data-element_type=\"column\">\n\t\t\t<div class=\"elementor-widget-wrap elementor-element-populated\">\n\t\t\t\t\t\t<section class=\"elementor-section elementor-inner-section elementor-element elementor-element-61e9f78 elementor-section-boxed elementor-section-height-default elementor-section-height-default\" data-id=\"61e9f78\" data-element_type=\"section\" data-settings=\"{&quot;jet_parallax_layout_list&quot;:[]}\">\n\t\t\t\t\t\t<div class=\"elementor-container elementor-column-gap-default\">\n\t\t\t\t\t<div class=\"elementor-column elementor-col-50 elementor-inner-column elementor-element elementor-element-a7a5b6a\" data-id=\"a7a5b6a\" data-element_type=\"column\" data-settings=\"{&quot;background_background&quot;:&quot;classic&quot;}\">\n\t\t\t<div class=\"elementor-widget-wrap elementor-element-populated\">\n\t\t\t\t\t<div class=\"elementor-background-overlay\"><\/div>\n\t\t\t\t\t\t<div class=\"elementor-element elementor-element-d263be2 elementor-widget elementor-widget-heading\" data-id=\"d263be2\" data-element_type=\"widget\" data-widget_type=\"heading.default\">\n\t\t\t\t<div class=\"elementor-widget-container\">\n\t\t\t\t\t<h2 class=\"elementor-heading-title elementor-size-default\">Internacional <span style=\"color:#A11D26\">Estudiantes<\/h2>\t\t\t\t<\/div>\n\t\t\t\t<\/div>\n\t\t\t\t\t<\/div>\n\t\t<\/div>\n\t\t\t\t<div class=\"elementor-column elementor-col-50 elementor-inner-column elementor-element elementor-element-97c6d3c elementor-hidden-mobile\" data-id=\"97c6d3c\" data-element_type=\"column\">\n\t\t\t<div class=\"elementor-widget-wrap\">\n\t\t\t\t\t\t\t<\/div>\n\t\t<\/div>\n\t\t\t\t\t<\/div>\n\t\t<\/section>\n\t\t\t\t\t<\/div>\n\t\t<\/div>\n\t\t\t\t\t<\/div>\n\t\t<\/section>\n\t\t\t\t<section class=\"elementor-section elementor-top-section elementor-element elementor-element-8ec6d48 elementor-section-boxed elementor-section-height-default elementor-section-height-default\" data-id=\"8ec6d48\" data-element_type=\"section\" data-settings=\"{&quot;jet_parallax_layout_list&quot;:[]}\">\n\t\t\t\t\t\t<div class=\"elementor-container elementor-column-gap-default\">\n\t\t\t\t\t<div class=\"elementor-column elementor-col-100 elementor-top-column elementor-element elementor-element-2c6b8bf\" data-id=\"2c6b8bf\" data-element_type=\"column\">\n\t\t\t<div class=\"elementor-widget-wrap elementor-element-populated\">\n\t\t\t\t\t\t<div class=\"elementor-element elementor-element-108de16 elementor-widget elementor-widget-text-editor\" data-id=\"108de16\" data-element_type=\"widget\" data-widget_type=\"text-editor.default\">\n\t\t\t\t<div class=\"elementor-widget-container\">\n\t\t\t\t\t\t\t\t\t<p><span style=\"font-weight: 400\">No importa d\u00f3nde est\u00e9s, siempre que tengas acceso a Internet, \u00a1puedes estudiar con nosotros! En Canaway High School, acogemos con orgullo a estudiantes internacionales, muchos de los cuales se han convertido en historias de \u00e9xito.<\/span><\/p><p><span style=\"font-weight: 400\">Como estudiante internacional, puedes estudiar desde casa, ahorrando en alojamiento, comidas y transporte, a la vez que obtienes el prestigioso <\/span><b>Diploma de Ense\u00f1anza Secundaria de Ontario (OSSD)<\/b><span style=\"font-weight: 400\">-la misma cualificaci\u00f3n que los estudiantes presenciales.<\/span><\/p><p><span style=\"font-weight: 400\">El OSSD est\u00e1 reconocido no s\u00f3lo en todo Canad\u00e1, sino tambi\u00e9n a nivel mundial, abriendo oportunidades para las mejores universidades de Canad\u00e1, Estados Unidos, Reino Unido, Australia, etc.<\/span><\/p><p>Nuestros cursos, desarrollados por\u00a0<span style=\"font-weight: bold\">Profesores titulados de Ontario (OCT)<\/span>cumplen con los altos est\u00e1ndares establecidos por el Ministerio de Educaci\u00f3n de Ontario. Ofrecemos cursos presenciales e h\u00edbridos impartidos en ingl\u00e9s por profesores canadienses.<\/p>\t\t\t\t\t\t\t\t<\/div>\n\t\t\t\t<\/div>\n\t\t\t\t\t<\/div>\n\t\t<\/div>\n\t\t\t\t\t<\/div>\n\t\t<\/section>\n\t\t\t\t<section class=\"elementor-section elementor-top-section elementor-element elementor-element-3e027ae elementor-reverse-tablet elementor-reverse-mobile elementor-section-boxed elementor-section-height-default elementor-section-height-default\" data-id=\"3e027ae\" data-element_type=\"section\" data-settings=\"{&quot;jet_parallax_layout_list&quot;:[]}\">\n\t\t\t\t\t\t<div class=\"elementor-container elementor-column-gap-default\">\n\t\t\t\t\t<div class=\"elementor-column elementor-col-50 elementor-top-column elementor-element elementor-element-c396e59\" data-id=\"c396e59\" data-element_type=\"column\">\n\t\t\t<div class=\"elementor-widget-wrap elementor-element-populated\">\n\t\t\t\t\t\t<div class=\"elementor-element elementor-element-bb31c21 elementor-widget elementor-widget-image\" data-id=\"bb31c21\" data-element_type=\"widget\" data-widget_type=\"image.default\">\n\t\t\t\t<div class=\"elementor-widget-container\">\n\t\t\t\t\t\t\t\t\t\t\t\t\t\t\t<img fetchpriority=\"high\" decoding=\"async\" width=\"800\" height=\"800\" src=\"https:\/\/canaway.school\/wp-content\/uploads\/2025\/05\/estudiante-feliz-con-una-computadora-portatil-min-1024x1024.jpg\" class=\"attachment-large size-large wp-image-1711\" alt=\"\" srcset=\"https:\/\/canaway.school\/wp-content\/uploads\/2025\/05\/estudiante-feliz-con-una-computadora-portatil-min-1024x1024.jpg 1024w, https:\/\/canaway.school\/wp-content\/uploads\/2025\/05\/estudiante-feliz-con-una-computadora-portatil-min-300x300.jpg 300w, https:\/\/canaway.school\/wp-content\/uploads\/2025\/05\/estudiante-feliz-con-una-computadora-portatil-min-150x150.jpg 150w, https:\/\/canaway.school\/wp-content\/uploads\/2025\/05\/estudiante-feliz-con-una-computadora-portatil-min-768x768.jpg 768w, https:\/\/canaway.school\/wp-content\/uploads\/2025\/05\/estudiante-feliz-con-una-computadora-portatil-min-1536x1536.jpg 1536w, https:\/\/canaway.school\/wp-content\/uploads\/2025\/05\/estudiante-feliz-con-una-computadora-portatil-min-2048x2048.jpg 2048w, https:\/\/canaway.school\/wp-content\/uploads\/2025\/05\/estudiante-feliz-con-una-computadora-portatil-min-12x12.jpg 12w, https:\/\/canaway.school\/wp-content\/uploads\/2025\/05\/estudiante-feliz-con-una-computadora-portatil-min-600x600.jpg 600w, https:\/\/canaway.school\/wp-content\/uploads\/2025\/05\/estudiante-feliz-con-una-computadora-portatil-min-100x100.jpg 100w\" sizes=\"(max-width: 800px) 100vw, 800px\" \/>\t\t\t\t\t\t\t\t\t\t\t\t\t\t\t<\/div>\n\t\t\t\t<\/div>\n\t\t\t\t\t<\/div>\n\t\t<\/div>\n\t\t\t\t<div class=\"elementor-column elementor-col-50 elementor-top-column elementor-element elementor-element-3154fb8\" data-id=\"3154fb8\" data-element_type=\"column\">\n\t\t\t<div class=\"elementor-widget-wrap elementor-element-populated\">\n\t\t\t\t\t\t<div class=\"elementor-element elementor-element-7cb47ee elementor-widget__width-initial elementor-widget elementor-widget-text-editor\" data-id=\"7cb47ee\" data-element_type=\"widget\" data-widget_type=\"text-editor.default\">\n\t\t\t\t<div class=\"elementor-widget-container\">\n\t\t\t\t\t\t\t\t\t<p><b>Entre los beneficios de completar virtualmente el OSSD se incluyen:<\/b><\/p><ul><li style=\"font-weight: 400\"><span style=\"font-weight: 400\">Obtenga cr\u00e9ditos para acceder a las mejores universidades del mundo<\/span><\/li><li style=\"font-weight: 400\"><span style=\"font-weight: 400\">Acceso a becas de acceso<\/span><\/li><li style=\"font-weight: 400\"><span style=\"font-weight: 400\">Adaptarse a las normas educativas norteamericanas y a la carga de trabajo de los cursos<\/span><\/li><li style=\"font-weight: 400\"><span style=\"font-weight: 400\">Mejore su ingl\u00e9s, si no es su lengua materna<\/span><\/li><li style=\"font-weight: 400\"><span style=\"font-weight: 400\">Sum\u00e9rjase en la cultura norteamericana<\/span><\/li><li style=\"font-weight: 400\"><span style=\"font-weight: 400\">Hacer amigos de todo el mundo para toda la vida<\/span><\/li><\/ul><p><span style=\"font-weight: 400\">Ofrecemos un plan flexible y completo con cursos en directo, h\u00edbridos y a su propio ritmo, dise\u00f1ados para adaptarse a su horario y zona horaria. Elige la mejor modalidad de aprendizaje en funci\u00f3n de la dificultad del curso y de tu disponibilidad. Nuestro equipo de orientaci\u00f3n ofrecer\u00e1 apoyo personalizado a lo largo de tu viaje, ayud\u00e1ndote a seleccionar tu carrera, elegir cursos de secundaria, seleccionar una universidad y navegar por el proceso de solicitud, manteniendo a tus padres informados en cada paso del camino.<\/span><\/p><p><b>Habla hoy mismo con un orientador para obtener m\u00e1s informaci\u00f3n.<\/b><\/p>\t\t\t\t\t\t\t\t<\/div>\n\t\t\t\t<\/div>\n\t\t\t\t<div class=\"elementor-element elementor-element-38c8840 elementor-widget elementor-widget-button\" data-id=\"38c8840\" data-element_type=\"widget\" data-widget_type=\"button.default\">\n\t\t\t\t<div class=\"elementor-widget-container\">\n\t\t\t\t\t\t\t\t\t<div class=\"elementor-button-wrapper\">\n\t\t\t\t\t<a class=\"elementor-button elementor-button-link elementor-size-sm\" href=\"https:\/\/calendar.app.google\/fh38rLreATx5LVxc6\" target=\"_blank\">\n\t\t\t\t\t\t<span class=\"elementor-button-content-wrapper\">\n\t\t\t\t\t\t<span class=\"elementor-button-icon\">\n\t\t\t\t<i aria-hidden=\"true\" class=\"fas fa-calendar-check\"><\/i>\t\t\t<\/span>\n\t\t\t\t\t\t\t\t\t<span class=\"elementor-button-text\">Reservar cita con el orientador<\/span>\n\t\t\t\t\t<\/span>\n\t\t\t\t\t<\/a>\n\t\t\t\t<\/div>\n\t\t\t\t\t\t\t\t<\/div>\n\t\t\t\t<\/div>\n\t\t\t\t\t<\/div>\n\t\t<\/div>\n\t\t\t\t\t<\/div>\n\t\t<\/section>\n\t\t\t\t<\/div>","protected":false},"excerpt":{"rendered":"<p>International Students No matter where you are, as long as you have internet access, you can study with us! At Canaway High School, we proudly welcome international students, many of whom have become success stories. As an international student, you can study from home, saving on accommodation, meals, and transportation, while earning the prestigious Ontario [&hellip;]<\/p>","protected":false},"author":1,"featured_media":0,"parent":0,"menu_order":0,"comment_status":"closed","ping_status":"closed","template":"elementor_header_footer","meta":{"footnotes":""},"class_list":["post-1699","page","type-page","status-publish","hentry"],"_links":{"self":[{"href":"https:\/\/canaway.school\/es\/wp-json\/wp\/v2\/pages\/1699","targetHints":{"allow":["GET"]}}],"collection":[{"href":"https:\/\/canaway.school\/es\/wp-json\/wp\/v2\/pages"}],"about":[{"href":"https:\/\/canaway.school\/es\/wp-json\/wp\/v2\/types\/page"}],"author":[{"embeddable":true,"href":"https:\/\/canaway.school\/es\/wp-json\/wp\/v2\/users\/1"}],"replies":[{"embeddable":true,"href":"https:\/\/canaway.school\/es\/wp-json\/wp\/v2\/comments?post=1699"}],"version-history":[{"count":19,"href":"https:\/\/canaway.school\/es\/wp-json\/wp\/v2\/pages\/1699\/revisions"}],"predecessor-version":[{"id":2031,"href":"https:\/\/canaway.school\/es\/wp-json\/wp\/v2\/pages\/1699\/revisions\/2031"}],"wp:attachment":[{"href":"https:\/\/canaway.school\/es\/wp-json\/wp\/v2\/media?parent=1699"}],"curies":[{"name":"wp","href":"https:\/\/api.w.org\/{rel}","templated":true}]}}