{"id":1688,"date":"2025-05-27T01:25:24","date_gmt":"2025-05-27T05:25:24","guid":{"rendered":"https:\/\/canaway.school\/?page_id=1688"},"modified":"2025-06-12T12:53:27","modified_gmt":"2025-06-12T16:53:27","slug":"estudiantes-canadienses","status":"publish","type":"page","link":"https:\/\/canaway.school\/es\/estudiantes-canadienses\/","title":{"rendered":"Estudiantes canadienses"},"content":{"rendered":"<div data-elementor-type=\"wp-page\" data-elementor-id=\"1688\" class=\"elementor elementor-1688\" data-elementor-post-type=\"page\">\n\t\t\t\t\t\t<section class=\"elementor-section elementor-top-section elementor-element elementor-element-c2ce7ff elementor-section-height-min-height elementor-section-items-stretch elementor-section-boxed elementor-section-height-default\" data-id=\"c2ce7ff\" data-element_type=\"section\" data-settings=\"{&quot;jet_parallax_layout_list&quot;:[],&quot;background_background&quot;:&quot;classic&quot;}\">\n\t\t\t\t\t\t\t<div class=\"elementor-background-overlay\"><\/div>\n\t\t\t\t\t\t\t<div class=\"elementor-container elementor-column-gap-default\">\n\t\t\t\t\t<div class=\"elementor-column elementor-col-100 elementor-top-column elementor-element elementor-element-f39fdd2\" data-id=\"f39fdd2\" data-element_type=\"column\">\n\t\t\t<div class=\"elementor-widget-wrap elementor-element-populated\">\n\t\t\t\t\t\t<section class=\"elementor-section elementor-inner-section elementor-element elementor-element-93752d4 elementor-section-boxed elementor-section-height-default elementor-section-height-default\" data-id=\"93752d4\" data-element_type=\"section\" data-settings=\"{&quot;jet_parallax_layout_list&quot;:[]}\">\n\t\t\t\t\t\t<div class=\"elementor-container elementor-column-gap-default\">\n\t\t\t\t\t<div class=\"elementor-column elementor-col-50 elementor-inner-column elementor-element elementor-element-f5b6c32\" data-id=\"f5b6c32\" data-element_type=\"column\" data-settings=\"{&quot;background_background&quot;:&quot;classic&quot;}\">\n\t\t\t<div class=\"elementor-widget-wrap elementor-element-populated\">\n\t\t\t\t\t<div class=\"elementor-background-overlay\"><\/div>\n\t\t\t\t\t\t<div class=\"elementor-element elementor-element-8dcc9dd elementor-widget elementor-widget-heading\" data-id=\"8dcc9dd\" data-element_type=\"widget\" data-widget_type=\"heading.default\">\n\t\t\t\t<div class=\"elementor-widget-container\">\n\t\t\t\t\t<h2 class=\"elementor-heading-title elementor-size-default\">Canadiense <span style=\"color:#A11D26\">Estudiantes<\/h2>\t\t\t\t<\/div>\n\t\t\t\t<\/div>\n\t\t\t\t\t<\/div>\n\t\t<\/div>\n\t\t\t\t<div class=\"elementor-column elementor-col-50 elementor-inner-column elementor-element elementor-element-73864a1 elementor-hidden-mobile\" data-id=\"73864a1\" data-element_type=\"column\">\n\t\t\t<div class=\"elementor-widget-wrap\">\n\t\t\t\t\t\t\t<\/div>\n\t\t<\/div>\n\t\t\t\t\t<\/div>\n\t\t<\/section>\n\t\t\t\t\t<\/div>\n\t\t<\/div>\n\t\t\t\t\t<\/div>\n\t\t<\/section>\n\t\t\t\t<section class=\"elementor-section elementor-top-section elementor-element elementor-element-e0ffa81 elementor-section-boxed elementor-section-height-default elementor-section-height-default\" data-id=\"e0ffa81\" data-element_type=\"section\" data-settings=\"{&quot;jet_parallax_layout_list&quot;:[]}\">\n\t\t\t\t\t\t<div class=\"elementor-container elementor-column-gap-default\">\n\t\t\t\t\t<div class=\"elementor-column elementor-col-50 elementor-top-column elementor-element elementor-element-df6e4c0\" data-id=\"df6e4c0\" data-element_type=\"column\">\n\t\t\t<div class=\"elementor-widget-wrap elementor-element-populated\">\n\t\t\t\t\t\t<div class=\"elementor-element elementor-element-6c718be elementor-widget elementor-widget-text-editor\" data-id=\"6c718be\" data-element_type=\"widget\" data-widget_type=\"text-editor.default\">\n\t\t\t\t<div class=\"elementor-widget-container\">\n\t\t\t\t\t\t\t\t\t<p><b>Estudiantes de Ontario<\/b><span style=\"font-weight: 400\"> puede inscribirse f\u00e1cilmente en cualquiera de nuestros cursos y disfrutar de la flexibilidad del aprendizaje virtual para obtener cr\u00e9ditos. Ya sea que est\u00e9 buscando mejorar sus calificaciones, tomar un curso que no se ofrece en su escuela actual, o acelerar su progreso hacia el cumplimiento de los requisitos de OSSD, lo tenemos cubierto. Ya sea que elija tomar s\u00f3lo unos pocos cursos o seguir estudios a tiempo completo, estamos aqu\u00ed para apoyar sus metas educativas.<\/span><\/p><p><b>Para estudiantes de otras provincias o territorios<\/b><span style=\"font-weight: 400\">La mayor\u00eda de nuestros cursos en Ontario se ajustan a los planes de estudios locales. La Universidad de Lethbridge ofrece una <\/span><a href=\"https:\/\/www.ulethbridge.ca\/sites\/ross\/files\/imported\/admissions\/canada-hs-equiv-chart.pdf\"><span style=\"font-weight: 400\">cuadro comparativo<\/span><\/a><span style=\"font-weight: 400\"> de equivalentes de bachillerato canadienses por provincia o territorio. Tanto si desea continuar su educaci\u00f3n en una escuela de Ontario a tiempo completo como si desea realizar cursos individuales para obtener cr\u00e9ditos, es probable que nuestros cr\u00e9ditos se transfieran sin problemas a su escuela local.<\/span><\/p><p><b>Hable con uno de nuestros expertos orientadores<\/b><span style=\"font-weight: 400\"> hoy mismo para explorar sus opciones y encontrar la que mejor se adapte a su trayectoria acad\u00e9mica.<\/span><\/p>\t\t\t\t\t\t\t\t<\/div>\n\t\t\t\t<\/div>\n\t\t\t\t<div class=\"elementor-element elementor-element-b1bf552 elementor-widget elementor-widget-button\" data-id=\"b1bf552\" data-element_type=\"widget\" data-widget_type=\"button.default\">\n\t\t\t\t<div class=\"elementor-widget-container\">\n\t\t\t\t\t\t\t\t\t<div class=\"elementor-button-wrapper\">\n\t\t\t\t\t<a class=\"elementor-button elementor-button-link elementor-size-sm\" href=\"https:\/\/calendar.app.google\/fh38rLreATx5LVxc6\" target=\"_blank\">\n\t\t\t\t\t\t<span class=\"elementor-button-content-wrapper\">\n\t\t\t\t\t\t<span class=\"elementor-button-icon\">\n\t\t\t\t<i aria-hidden=\"true\" class=\"fas fa-calendar-check\"><\/i>\t\t\t<\/span>\n\t\t\t\t\t\t\t\t\t<span class=\"elementor-button-text\">Reservar cita con el orientador<\/span>\n\t\t\t\t\t<\/span>\n\t\t\t\t\t<\/a>\n\t\t\t\t<\/div>\n\t\t\t\t\t\t\t\t<\/div>\n\t\t\t\t<\/div>\n\t\t\t\t\t<\/div>\n\t\t<\/div>\n\t\t\t\t<div class=\"elementor-column elementor-col-50 elementor-top-column elementor-element elementor-element-6309b29\" data-id=\"6309b29\" data-element_type=\"column\">\n\t\t\t<div class=\"elementor-widget-wrap elementor-element-populated\">\n\t\t\t\t\t\t<div class=\"elementor-element elementor-element-40e6d89 elementor-widget elementor-widget-image\" data-id=\"40e6d89\" data-element_type=\"widget\" data-widget_type=\"image.default\">\n\t\t\t\t<div class=\"elementor-widget-container\">\n\t\t\t\t\t\t\t\t\t\t\t\t\t\t\t<img fetchpriority=\"high\" decoding=\"async\" width=\"800\" height=\"800\" src=\"https:\/\/canaway.school\/wp-content\/uploads\/2025\/06\/15415-min-1024x1024.jpg\" class=\"attachment-large size-large wp-image-1966\" alt=\"\" srcset=\"https:\/\/canaway.school\/wp-content\/uploads\/2025\/06\/15415-min-1024x1024.jpg 1024w, https:\/\/canaway.school\/wp-content\/uploads\/2025\/06\/15415-min-300x300.jpg 300w, https:\/\/canaway.school\/wp-content\/uploads\/2025\/06\/15415-min-150x150.jpg 150w, https:\/\/canaway.school\/wp-content\/uploads\/2025\/06\/15415-min-768x768.jpg 768w, https:\/\/canaway.school\/wp-content\/uploads\/2025\/06\/15415-min-1536x1536.jpg 1536w, https:\/\/canaway.school\/wp-content\/uploads\/2025\/06\/15415-min-12x12.jpg 12w, https:\/\/canaway.school\/wp-content\/uploads\/2025\/06\/15415-min-600x600.jpg 600w, https:\/\/canaway.school\/wp-content\/uploads\/2025\/06\/15415-min-100x100.jpg 100w, https:\/\/canaway.school\/wp-content\/uploads\/2025\/06\/15415-min.jpg 2000w\" sizes=\"(max-width: 800px) 100vw, 800px\" \/>\t\t\t\t\t\t\t\t\t\t\t\t\t\t\t<\/div>\n\t\t\t\t<\/div>\n\t\t\t\t\t<\/div>\n\t\t<\/div>\n\t\t\t\t\t<\/div>\n\t\t<\/section>\n\t\t\t\t<\/div>","protected":false},"excerpt":{"rendered":"<p>Estudiantes canadienses Los estudiantes de Ontario pueden inscribirse f\u00e1cilmente en cualquiera de nuestros cursos y disfrutar de la flexibilidad del aprendizaje virtual para obtener cr\u00e9ditos. Si usted est\u00e1 buscando para mejorar sus calificaciones, tomar un curso que no se ofrece en su escuela actual, o acelerar su progreso hacia el cumplimiento de los requisitos OSSD, tenemos todo cubierto. Ya sea que elija tomar [...]<\/p>","protected":false},"author":1,"featured_media":0,"parent":0,"menu_order":0,"comment_status":"closed","ping_status":"closed","template":"elementor_header_footer","meta":{"footnotes":""},"class_list":["post-1688","page","type-page","status-publish","hentry"],"_links":{"self":[{"href":"https:\/\/canaway.school\/es\/wp-json\/wp\/v2\/pages\/1688","targetHints":{"allow":["GET"]}}],"collection":[{"href":"https:\/\/canaway.school\/es\/wp-json\/wp\/v2\/pages"}],"about":[{"href":"https:\/\/canaway.school\/es\/wp-json\/wp\/v2\/types\/page"}],"author":[{"embeddable":true,"href":"https:\/\/canaway.school\/es\/wp-json\/wp\/v2\/users\/1"}],"replies":[{"embeddable":true,"href":"https:\/\/canaway.school\/es\/wp-json\/wp\/v2\/comments?post=1688"}],"version-history":[{"count":13,"href":"https:\/\/canaway.school\/es\/wp-json\/wp\/v2\/pages\/1688\/revisions"}],"predecessor-version":[{"id":1969,"href":"https:\/\/canaway.school\/es\/wp-json\/wp\/v2\/pages\/1688\/revisions\/1969"}],"wp:attachment":[{"href":"https:\/\/canaway.school\/es\/wp-json\/wp\/v2\/media?parent=1688"}],"curies":[{"name":"wp","href":"https:\/\/api.w.org\/{rel}","templated":true}]}}