{"id":1305,"date":"2025-05-08T12:48:59","date_gmt":"2025-05-08T16:48:59","guid":{"rendered":"https:\/\/canaway.school\/?page_id=1305"},"modified":"2025-05-08T13:39:27","modified_gmt":"2025-05-08T17:39:27","slug":"prueba","status":"publish","type":"page","link":"https:\/\/canaway.school\/es\/prueba\/","title":{"rendered":"Prueba"},"content":{"rendered":"<div data-elementor-type=\"wp-page\" data-elementor-id=\"1305\" class=\"elementor elementor-1305\" data-elementor-post-type=\"page\">\n\t\t\t\t\t\t<section class=\"elementor-section elementor-top-section elementor-element elementor-element-5135924 elementor-section-boxed elementor-section-height-default elementor-section-height-default\" data-id=\"5135924\" data-element_type=\"section\" data-e-type=\"section\" data-settings=\"{&quot;jet_parallax_layout_list&quot;:[]}\">\n\t\t\t\t\t\t<div class=\"elementor-container elementor-column-gap-default\">\n\t\t\t\t\t<div class=\"elementor-column elementor-col-100 elementor-top-column elementor-element elementor-element-0c2d057\" data-id=\"0c2d057\" data-element_type=\"column\" data-e-type=\"column\">\n\t\t\t<div class=\"elementor-widget-wrap elementor-element-populated\">\n\t\t\t\t\t\t<div class=\"elementor-element elementor-element-4ace682 elementor-widget elementor-widget-shortcode\" data-id=\"4ace682\" data-element_type=\"widget\" data-e-type=\"widget\" data-widget_type=\"shortcode.default\">\n\t\t\t\t<div class=\"elementor-widget-container\">\n\t\t\t\t\t\t\t<div class=\"elementor-shortcode\">    <div class=\"course-search-container\">\r\n        \r\n      \r\n      <div class=\"icon-field checkbox-group\" id=\"course-grade-filter\">\r\n        <h4>Grado<\/h4>\r\n        <div class=\"checkbox-wrap\">\r\n                      <label class=\"chk\">\r\n              <input\r\n                type=\"checkbox\"\r\n                class=\"course-grade\"\r\n                name=\"grades[]\"\r\n                value=\"15\"\r\n                              \/>\r\n              <span>Grado 9<\/span>\r\n            <\/label>\r\n                      <label class=\"chk\">\r\n              <input\r\n                type=\"checkbox\"\r\n                class=\"course-grade\"\r\n                name=\"grades[]\"\r\n                value=\"14\"\r\n                              \/>\r\n              <span>10\u00ba curso<\/span>\r\n            <\/label>\r\n                      <label class=\"chk\">\r\n              <input\r\n                type=\"checkbox\"\r\n                class=\"course-grade\"\r\n                name=\"grades[]\"\r\n                value=\"13\"\r\n                              \/>\r\n              <span>Grado 11<\/span>\r\n            <\/label>\r\n                      <label class=\"chk\">\r\n              <input\r\n                type=\"checkbox\"\r\n                class=\"course-grade\"\r\n                name=\"grades[]\"\r\n                value=\"12\"\r\n                              \/>\r\n              <span>Grado 12<\/span>\r\n            <\/label>\r\n                  <\/div>\r\n      <\/div>\r\n\r\n      <!-- input de b\u00fasqueda -->\r\n      <div class=\"icon-field input\">\r\n        <i class=\"fas fa-search\"><\/i>\r\n        <input\r\n          type=\"text\"\r\n          id=\"course-search-input\"\r\n          placeholder=\"Buscar cursos por c\u00f3digo, nombre o \u00e1rea de especializaci\u00f3n...\"\r\n        \/>\r\n      <\/div>\r\n\r\n      <!-- bot\u00f3n limpiar -->\r\n      <button id=\"course-clear-filters\" class=\"clear-filters\">\r\n        <i class=\"fas fa-times-circle\"><\/i> Restablecer filtros\r\n      <\/button>\r\n\r\n    <\/div>\r\n\r\n    <!-- contenedor resultados -->\r\n    <div id=\"course-results\"><\/div>\r\n    <\/div>\n\t\t\t\t\t\t<\/div>\n\t\t\t\t<\/div>\n\t\t\t\t\t<\/div>\n\t\t<\/div>\n\t\t\t\t\t<\/div>\n\t\t<\/section>\n\t\t\t\t<\/div>","protected":false},"excerpt":{"rendered":"","protected":false},"author":1,"featured_media":0,"parent":0,"menu_order":0,"comment_status":"closed","ping_status":"closed","template":"","meta":{"footnotes":""},"class_list":["post-1305","page","type-page","status-publish","hentry"],"_links":{"self":[{"href":"https:\/\/canaway.school\/es\/wp-json\/wp\/v2\/pages\/1305","targetHints":{"allow":["GET"]}}],"collection":[{"href":"https:\/\/canaway.school\/es\/wp-json\/wp\/v2\/pages"}],"about":[{"href":"https:\/\/canaway.school\/es\/wp-json\/wp\/v2\/types\/page"}],"author":[{"embeddable":true,"href":"https:\/\/canaway.school\/es\/wp-json\/wp\/v2\/users\/1"}],"replies":[{"embeddable":true,"href":"https:\/\/canaway.school\/es\/wp-json\/wp\/v2\/comments?post=1305"}],"version-history":[{"count":64,"href":"https:\/\/canaway.school\/es\/wp-json\/wp\/v2\/pages\/1305\/revisions"}],"predecessor-version":[{"id":1373,"href":"https:\/\/canaway.school\/es\/wp-json\/wp\/v2\/pages\/1305\/revisions\/1373"}],"wp:attachment":[{"href":"https:\/\/canaway.school\/es\/wp-json\/wp\/v2\/media?parent=1305"}],"curies":[{"name":"wp","href":"https:\/\/api.w.org\/{rel}","templated":true}]}}